{"id":1338,"date":"2020-06-30T15:00:00","date_gmt":"2020-06-30T13:00:00","guid":{"rendered":"http:\/\/cpfusti.educacion.navarra.es\/web\/?page_id=1338"},"modified":"2020-06-30T17:27:36","modified_gmt":"2020-06-30T15:27:36","slug":"recursos-educativos-1o","status":"publish","type":"page","link":"https:\/\/cpfusti.educacion.navarra.es\/web\/recursos-educativos-1o\/","title":{"rendered":"Recursos educativos 1\u00ba"},"content":{"rendered":"\n<p>En esta p\u00e1gina se recopilan recursos que son \u00fatiles para el trabajo de las unidades del aula de 1\u00ba<\/p>\n\n\n\n<p><strong>\u00bfQU\u00c9 HACEMOS DURANTE EL VERANO?<\/strong><\/p>\n\n\n\n<p>Adem\u00e1s de ba\u00f1arnos en la piscina o en la playa, comer helados y sand\u00eda, dormir m\u00e1s, jugar, re\u00edr, querer y  cuidar a los de al lado, podemos practicar alguna de estas actividades.<\/p>\n\n\n\n<p>\u00a1Feliz verano Reyes!<\/p>\n\n\n\n<figure class=\"wp-block-image size-large\"><a href=\"https:\/\/drive.google.com\/file\/d\/1wESukrzey1UezkRXPax0ZYu6dE3ZY6T1\/view?usp=sharing\"><img loading=\"lazy\" width=\"418\" height=\"446\" src=\"https:\/\/cpfusti.educacion.navarra.es\/web\/wp-content\/uploads\/2020\/06\/tarea-verano.png\" alt=\"\" class=\"wp-image-3758\" srcset=\"https:\/\/cpfusti.educacion.navarra.es\/web\/wp-content\/uploads\/2020\/06\/tarea-verano.png 418w, https:\/\/cpfusti.educacion.navarra.es\/web\/wp-content\/uploads\/2020\/06\/tarea-verano-281x300.png 281w\" sizes=\"(max-width: 418px) 100vw, 418px\" \/><\/a><\/figure>\n\n\n\n<p><\/p>\n\n\n\n<p><\/p>\n\n\n\n<p><\/p>\n\n\n\n<p><strong>HAPPY SUMMER HOLIDAYS!<\/strong><\/p>\n\n\n\n<p>During this year we have spent a lot of time together and it seems like it was yesterday! We learned new songs, played many games, performed plays\u2026 You worked very hard and I am very proud of you! Thanks for your effort!<\/p>\n\n\n\n<p>Remember to enjoy your holidays as much as you can! Go to beautiful places, go camping, go to the beach, meet new people\u2026!&nbsp;Enjoy your family and friends and remember to take photos!&nbsp;<\/p>\n\n\n\n<p>Here you have some fun resources if you want to practice English during the summer:<\/p>\n\n\n\n<p><strong><a href=\"https:\/\/drive.google.com\/file\/d\/1RblBGwaCEQ-RTLnb0b5CUDe9CW3r1Xjm\/view?usp=sharing\">ENGLISH RESOURCES<\/a><\/strong><\/p>\n\n\n\n<p>Enjoy your summer, I will miss you!!!<\/p>\n\n\n\n<p><\/p>\n\n\n\n<p><strong>ENLACE VIDEOLLAMADA<\/strong><\/p>\n\n\n\n<p>Hola Reyes, aqu\u00ed os dejamos el enlace para la videollamada que tenemos hoy a las 16:00. \u00a1Qu\u00e9 ganas de veros a todos juntos!<\/p>\n\n\n\n<p><a href=\"https:\/\/meet.google.com\/miq-jvuz-tyx\">https:\/\/meet.google.com\/miq-jvuz-tyx<\/a><\/p>\n\n\n\n<p><strong>\u00a1\u00daLTIMA SEMANA REYES!<\/strong><\/p>\n\n\n\n<p>\u00a1Hola Reyes!! \u00daltima semana de este curso tan diferente. Estamos muy orgullosas del trabajo que hab\u00e9is ido realizando d\u00eda tras d\u00eda desde vuestras casas, unos d\u00edas con entusiasmo y otros m\u00e1s cansados, bajo la atenta mirada y supervisi\u00f3n de vuestros padres, sin los que nada de esto hubiera sido posible. \u00a1Millones de gracias, para vosotros los peques y los mayores!&nbsp; Tenemos muchas ganas de volver a vernos en el cole, ya en septiembre, con las mochilas cargadas de ilusi\u00f3n y emoci\u00f3n de volver a encontrarnos y poder aprender todos juntos, valorando al m\u00e1ximo&nbsp; la convivencia con nuestros compa\u00f1eros,&nbsp; su apoyo, su mirada,&nbsp; su complicidad&nbsp; y&nbsp; su cari\u00f1o. Estar\u00e1n ah\u00ed, justo al lado, para re\u00edr, jugar, cuidar, colaborar, querer, respetar, escuchar, perdonar, ayudar, compartir&nbsp; y so\u00f1ar todos juntos, por fin, en nuestra clase&#8230; \u00a1Disfrutad del verano Reyes, os lo merec\u00e9is!<\/p>\n\n\n\n<figure class=\"wp-block-image size-large\"><a href=\"https:\/\/drive.google.com\/file\/d\/1k7l6a3A38bXfCb3BWZemedUZX_CDQpSE\/view?usp=sharing\"><img loading=\"lazy\" width=\"619\" height=\"879\" src=\"https:\/\/cpfusti.educacion.navarra.es\/web\/wp-content\/uploads\/2020\/06\/Captura-de-pantalla-2020-06-14-a-las-3.23.13-p.-m.-1.png\" alt=\"\" class=\"wp-image-3618\" srcset=\"https:\/\/cpfusti.educacion.navarra.es\/web\/wp-content\/uploads\/2020\/06\/Captura-de-pantalla-2020-06-14-a-las-3.23.13-p.-m.-1.png 619w, https:\/\/cpfusti.educacion.navarra.es\/web\/wp-content\/uploads\/2020\/06\/Captura-de-pantalla-2020-06-14-a-las-3.23.13-p.-m.-1-211x300.png 211w\" sizes=\"(max-width: 619px) 100vw, 619px\" \/><\/a><\/figure>\n\n\n\n<p><strong>\u00a1SE ACERCA EL VERANO!<\/strong><\/p>\n\n\n\n<p>\u00a1Hola Reyes! Continuamos sumergi\u00e9ndonos en fascinantes cuentos y disfrutando con nuevos juegos&#8230; <\/p>\n\n\n\n<figure class=\"wp-block-image size-large\"><a href=\"https:\/\/drive.google.com\/file\/d\/1UcKm921KBWYvPV3xXIuFfg1jtsDe16EE\/view?usp=sharing\"><img loading=\"lazy\" width=\"617\" height=\"875\" src=\"https:\/\/cpfusti.educacion.navarra.es\/web\/wp-content\/uploads\/2020\/06\/PLAN-SEMANAL-8-12-JUNIO.png\" alt=\"\" class=\"wp-image-3569\" srcset=\"https:\/\/cpfusti.educacion.navarra.es\/web\/wp-content\/uploads\/2020\/06\/PLAN-SEMANAL-8-12-JUNIO.png 617w, https:\/\/cpfusti.educacion.navarra.es\/web\/wp-content\/uploads\/2020\/06\/PLAN-SEMANAL-8-12-JUNIO-212x300.png 212w\" sizes=\"(max-width: 617px) 100vw, 617px\" \/><\/a><\/figure>\n\n\n\n<p><strong>\u00a1YA ESTAMOS EN JUNIO!<\/strong><\/p>\n\n\n\n<p>\u00a1Hola Reyes! Ya sabemos que hab\u00e9is trabajado mucho, y est\u00e1is ya un poco cansados. Esta semana os proponemos variedad de cuentos y juegos para que disfrut\u00e9is aplicando todo lo que ya sab\u00e9is. Preparados, listos, \u00a1A jugaaaaaaar!<\/p>\n\n\n\n<p>P.D: Deb\u00e9is mandar la tarea escrita en azul.<\/p>\n\n\n\n<figure class=\"wp-block-image size-large\"><a href=\"https:\/\/drive.google.com\/open?id=1JE90E6xOIDBH5GdMbLLZMNA2arJdBIP0\"><img loading=\"lazy\" width=\"620\" height=\"878\" src=\"https:\/\/cpfusti.educacion.navarra.es\/web\/wp-content\/uploads\/2020\/05\/Captura-de-pantalla-2020-05-31-a-las-6.07.51-p.-m..png\" alt=\"\" class=\"wp-image-3509\" srcset=\"https:\/\/cpfusti.educacion.navarra.es\/web\/wp-content\/uploads\/2020\/05\/Captura-de-pantalla-2020-05-31-a-las-6.07.51-p.-m..png 620w, https:\/\/cpfusti.educacion.navarra.es\/web\/wp-content\/uploads\/2020\/05\/Captura-de-pantalla-2020-05-31-a-las-6.07.51-p.-m.-212x300.png 212w\" sizes=\"(max-width: 620px) 100vw, 620px\" \/><\/a><\/figure>\n\n\n\n<p><strong>TRABAJAMOS EN CASA<\/strong><\/p>\n\n\n\n<p>\u00a1\u00a1BUENOS D\u00cdAS REYES!!<\/p>\n\n\n\n<p>Esta semana vamos a viajar muy muy lejos\u2026\u00a1Nada m\u00e1s y nada menos que&nbsp;al espacio! Abrochaos los cinturones\u2026\u00a1Vamos a despegar!<\/p>\n\n\n\n<figure class=\"wp-block-image size-large\"><a href=\"https:\/\/drive.google.com\/open?id=17a--zkQim0nkTiYT08v3G0ecSoG9UjSA\"><img loading=\"lazy\" width=\"677\" height=\"876\" src=\"https:\/\/cpfusti.educacion.navarra.es\/web\/wp-content\/uploads\/2020\/05\/PLAN-SEMANAL.png\" alt=\"\" class=\"wp-image-3429\" srcset=\"https:\/\/cpfusti.educacion.navarra.es\/web\/wp-content\/uploads\/2020\/05\/PLAN-SEMANAL.png 677w, https:\/\/cpfusti.educacion.navarra.es\/web\/wp-content\/uploads\/2020\/05\/PLAN-SEMANAL-232x300.png 232w\" sizes=\"(max-width: 677px) 100vw, 677px\" \/><\/a><\/figure>\n\n\n\n<p><\/p>\n\n\n\n<p><\/p>\n\n\n\n<p><\/p>\n\n\n\n<p>\u00a1\u00a1BUENOS D\u00cdAS REYES!!<\/p>\n\n\n\n<p>Comenzamos otra semana con nuevos temas para trabajar. En castellano, esta va a ser la \u00faltima semana que trabajemos los animales. en ingl\u00e9s, empezamos nueva unidad, las prendas de vestir. Adem\u00e1s, vais a poder disfrutar de vuestros libros de texto, as\u00ed que los vamos a aprovechar desde casa.<\/p>\n\n\n\n<p>Al igual que la semana pasada, aqu\u00ed os dejamos un enlace para comenzar la semana con fuerza y entrenar la <a href=\"http:\/\/www.disanedu.com\/aplicaciones\/entrenamiento-de-la-velocidad-lectora\/\">velocidad lectora<\/a>.<\/p>\n\n\n\n<p>\u00a1\u00a1Segu\u00eds trabajando como aut\u00e9nticos campeones!!<\/p>\n\n\n\n<p>Un abrazo gigante<\/p>\n\n\n\n<figure class=\"wp-block-image size-large\"><a href=\"https:\/\/drive.google.com\/open?id=1JknTVlYtC9P0KC2iLhelDes_7lgRcKgx\"><img loading=\"lazy\" width=\"613\" height=\"793\" src=\"https:\/\/cpfusti.educacion.navarra.es\/web\/wp-content\/uploads\/2020\/05\/Captura-de-pantalla-2020-05-17-a-las-8.56.44-p.-m..png\" alt=\"\" class=\"wp-image-3342\" srcset=\"https:\/\/cpfusti.educacion.navarra.es\/web\/wp-content\/uploads\/2020\/05\/Captura-de-pantalla-2020-05-17-a-las-8.56.44-p.-m..png 613w, https:\/\/cpfusti.educacion.navarra.es\/web\/wp-content\/uploads\/2020\/05\/Captura-de-pantalla-2020-05-17-a-las-8.56.44-p.-m.-232x300.png 232w\" sizes=\"(max-width: 613px) 100vw, 613px\" \/><\/a><\/figure>\n\n\n\n<p><\/p>\n\n\n\n<p><\/p>\n\n\n\n<p><strong>TRABAJAMOS EN CASA<\/strong><\/p>\n\n\n\n<p>\u00a1HOLA REYES!<\/p>\n\n\n\n<p>Otra semana comienza y con ella nuevas cosas para aprender. Ya sois unos expertos en animales, pero a\u00fan os queda un poco m\u00e1s por descubrir, as\u00ed que aqu\u00ed os dejamos m\u00e1s actividades y v\u00eddeos para trabajar en casa.<\/p>\n\n\n\n<p>Adem\u00e1s, os dejamos tambi\u00e9n este enlace para entrenar vuestra <a href=\"http:\/\/www.disanedu.com\/aplicaciones\/entrenamiento-de-la-velocidad-lectora\/\" target=\"_blank\" rel=\"noreferrer noopener\">velocidad lectora<\/a>.<\/p>\n\n\n\n<p><\/p>\n\n\n\n<p>Un abrazo enorme<\/p>\n\n\n\n<figure class=\"wp-block-image size-large\"><a href=\"https:\/\/drive.google.com\/open?id=1ScZKAuNxQJKr4_EhZk4bYakLX9wWFxWS\"><img loading=\"lazy\" width=\"677\" height=\"877\" src=\"https:\/\/cpfusti.educacion.navarra.es\/web\/wp-content\/uploads\/2020\/05\/Captura-de-pantalla-2020-05-10-a-las-8.02.48-p.-m..png\" alt=\"\" class=\"wp-image-3237\" srcset=\"https:\/\/cpfusti.educacion.navarra.es\/web\/wp-content\/uploads\/2020\/05\/Captura-de-pantalla-2020-05-10-a-las-8.02.48-p.-m..png 677w, https:\/\/cpfusti.educacion.navarra.es\/web\/wp-content\/uploads\/2020\/05\/Captura-de-pantalla-2020-05-10-a-las-8.02.48-p.-m.-232x300.png 232w\" sizes=\"(max-width: 677px) 100vw, 677px\" \/><\/a><\/figure>\n\n\n\n<p><strong>\u00a1A POR OTRA SEMANA REYES!<\/strong><\/p>\n\n\n\n<p>\u00a1Hola Reyes!<\/p>\n\n\n\n<p>Una semana m\u00e1s aqu\u00ed os dejamos el horario para que trabaj\u00e9is estos d\u00edas. Estamos muy orgullosas de todos vosotros\/as, nos encantan las fotos que nos mand\u00e1is de vosotros y vuestros trabajos, est\u00e1n genial. \u00a1Seguir as\u00ed!<\/p>\n\n\n\n<p>Un abrazo enorme.<\/p>\n\n\n\n<figure class=\"wp-block-image size-large\"><a href=\"https:\/\/drive.google.com\/open?id=1BiR0_ztgqlTLxwTkEbwWDFymxL2UHDYp\"><img loading=\"lazy\" width=\"679\" height=\"880\" src=\"https:\/\/cpfusti.educacion.navarra.es\/web\/wp-content\/uploads\/2020\/05\/Captura-de-pantalla-2020-05-03-a-las-10.02.39-p.-m..png\" alt=\"\" class=\"wp-image-3102\" srcset=\"https:\/\/cpfusti.educacion.navarra.es\/web\/wp-content\/uploads\/2020\/05\/Captura-de-pantalla-2020-05-03-a-las-10.02.39-p.-m..png 679w, https:\/\/cpfusti.educacion.navarra.es\/web\/wp-content\/uploads\/2020\/05\/Captura-de-pantalla-2020-05-03-a-las-10.02.39-p.-m.-231x300.png 231w\" sizes=\"(max-width: 679px) 100vw, 679px\" \/><\/a><\/figure>\n\n\n\n<p><strong>\u00a1UNA SEMANA MENOS!<\/strong><\/p>\n\n\n\n<p>\u00a1HOLA REYES!<\/p>\n\n\n\n<p>Esta semana va a ser muy especial porque poco a poco vamos saliendo ya de casa, pero recordad que siempre debemos respetar las normas de seguridad.<\/p>\n\n\n\n<p>Seguimos con los animales, as\u00ed que aqu\u00ed ten\u00e9is nuevas actividades y juegos para que descubr\u00e1is cosas muy interesantes sobre todos ellos.<\/p>\n\n\n\n<p>Un abrazo enorme, \u00a1\u00a1nos vemos muy pronto!!<\/p>\n\n\n\n<div class=\"wp-block-image is-style-default\"><figure class=\"aligncenter size-large\"><a href=\"https:\/\/drive.google.com\/open?id=16nNt_leJqyZ4m9mimlmeCHpIB9VE1Uvl\"><img loading=\"lazy\" width=\"1024\" height=\"724\" src=\"https:\/\/cpfusti.educacion.navarra.es\/web\/wp-content\/uploads\/2020\/04\/Captura-de-pantalla-2020-04-26-a-las-3.40.38-p.-m.-1024x724.png\" alt=\"\" class=\"wp-image-2985\" srcset=\"https:\/\/cpfusti.educacion.navarra.es\/web\/wp-content\/uploads\/2020\/04\/Captura-de-pantalla-2020-04-26-a-las-3.40.38-p.-m.-1024x724.png 1024w, https:\/\/cpfusti.educacion.navarra.es\/web\/wp-content\/uploads\/2020\/04\/Captura-de-pantalla-2020-04-26-a-las-3.40.38-p.-m.-300x212.png 300w, https:\/\/cpfusti.educacion.navarra.es\/web\/wp-content\/uploads\/2020\/04\/Captura-de-pantalla-2020-04-26-a-las-3.40.38-p.-m.-768x543.png 768w, https:\/\/cpfusti.educacion.navarra.es\/web\/wp-content\/uploads\/2020\/04\/Captura-de-pantalla-2020-04-26-a-las-3.40.38-p.-m.-424x300.png 424w, https:\/\/cpfusti.educacion.navarra.es\/web\/wp-content\/uploads\/2020\/04\/Captura-de-pantalla-2020-04-26-a-las-3.40.38-p.-m..png 1231w\" sizes=\"(max-width: 1024px) 100vw, 1024px\" \/><\/a><\/figure><\/div>\n\n\n\n<p><strong>\u00a1YA ESTAMOS DE VUELTA!<\/strong><\/p>\n\n\n\n<p>\u00a1HOLA REYES!<\/p>\n\n\n\n<p>Despu\u00e9s de este merecid\u00edsimo descanso, esperamos que empec\u00e9is con ganas y energ\u00eda. Para ello, os hemos preparado actividades sobre un nuevo tema: \u00a1\u00a1\u00a1LOS ANIMALES!!! <\/p>\n\n\n\n<p>Seguro que os encantan, aunque ya ten\u00e9is mucha experiencia ya que nos disfrazamos de muchos de ellos en el festival de Navidad \u00a1Qu\u00e9 bonitos recuerdos!<\/p>\n\n\n\n<p>Un abrazo muy muy grande chicos y chicas \u00a1Lo est\u00e1is haciendo genial!<\/p>\n\n\n\n<figure class=\"wp-block-image size-large\"><a href=\"https:\/\/drive.google.com\/open?id=1zq2MhOIp34FVcDhr5_DAKTLX9p6iL5BR\"><img loading=\"lazy\" width=\"1024\" height=\"727\" src=\"https:\/\/cpfusti.educacion.navarra.es\/web\/wp-content\/uploads\/2020\/04\/Captura-de-pantalla-2020-04-19-a-las-2.39.21-p.-m.-1-1024x727.png\" alt=\"\" class=\"wp-image-2804\" srcset=\"https:\/\/cpfusti.educacion.navarra.es\/web\/wp-content\/uploads\/2020\/04\/Captura-de-pantalla-2020-04-19-a-las-2.39.21-p.-m.-1-1024x727.png 1024w, https:\/\/cpfusti.educacion.navarra.es\/web\/wp-content\/uploads\/2020\/04\/Captura-de-pantalla-2020-04-19-a-las-2.39.21-p.-m.-1-300x213.png 300w, https:\/\/cpfusti.educacion.navarra.es\/web\/wp-content\/uploads\/2020\/04\/Captura-de-pantalla-2020-04-19-a-las-2.39.21-p.-m.-1-768x545.png 768w, https:\/\/cpfusti.educacion.navarra.es\/web\/wp-content\/uploads\/2020\/04\/Captura-de-pantalla-2020-04-19-a-las-2.39.21-p.-m.-1-423x300.png 423w, https:\/\/cpfusti.educacion.navarra.es\/web\/wp-content\/uploads\/2020\/04\/Captura-de-pantalla-2020-04-19-a-las-2.39.21-p.-m.-1.png 1230w\" sizes=\"(max-width: 1024px) 100vw, 1024px\" \/><\/a><\/figure>\n\n\n\n<p><strong>\u00a1UNA SEMANA MUY CORTA!<\/strong><\/p>\n\n\n\n<p>\u00a1Hola Reyes!<\/p>\n\n\n\n<p>Ya llevamos cuatro semanas trabajando desde casa, estamos muy orgullosas de lo bien que lo est\u00e1is haciendo \u00a1sois unos aut\u00e9nticos campeones!.<\/p>\n\n\n\n<p>Esta semana es un poco m\u00e1s corta, solo tres d\u00edas de trabajo, as\u00ed que esperamos que descans\u00e9is y os lo pas\u00e9is genial con vuestras familias estos d\u00edas libres.<\/p>\n\n\n\n<p>Un abrazo muy fuerte.<\/p>\n\n\n\n<div class=\"wp-block-image\"><figure class=\"aligncenter size-large\"><a href=\"https:\/\/drive.google.com\/open?id=1wyS_Gw4oMJyXcXP1Tt2lx6DXKW1426UQ\"><img loading=\"lazy\" width=\"753\" height=\"525\" src=\"https:\/\/cpfusti.educacion.navarra.es\/web\/wp-content\/uploads\/2020\/04\/Captura-de-pantalla-2020-04-05-a-las-8.45.27-p.-m..png\" alt=\"\" class=\"wp-image-2677\" srcset=\"https:\/\/cpfusti.educacion.navarra.es\/web\/wp-content\/uploads\/2020\/04\/Captura-de-pantalla-2020-04-05-a-las-8.45.27-p.-m..png 753w, https:\/\/cpfusti.educacion.navarra.es\/web\/wp-content\/uploads\/2020\/04\/Captura-de-pantalla-2020-04-05-a-las-8.45.27-p.-m.-300x209.png 300w, https:\/\/cpfusti.educacion.navarra.es\/web\/wp-content\/uploads\/2020\/04\/Captura-de-pantalla-2020-04-05-a-las-8.45.27-p.-m.-430x300.png 430w\" sizes=\"(max-width: 753px) 100vw, 753px\" \/><\/a><\/figure><\/div>\n\n\n\n<p><strong>\u00a1OTRA SEMANA MENOS!<\/strong><\/p>\n\n\n\n<p>\u00a1Hola Reyes!<\/p>\n\n\n\n<p><br>Ya falta menos para poder volver a vernos. Mucho \u00e1nimo y seguir trabajando igual de bien. Aqu\u00ed os dejamos el plan de esta semana. <\/p>\n\n\n\n<p>Un abrazo muy fuerte. <\/p>\n\n\n\n<div class=\"wp-block-image\"><figure class=\"aligncenter size-large is-resized\"><a href=\"https:\/\/drive.google.com\/open?id=1STcsGBrj6Jsu_AET8xk0UQq0Ci6c6hUw\"><img loading=\"lazy\" src=\"https:\/\/cpfusti.educacion.navarra.es\/web\/wp-content\/uploads\/2020\/03\/Captura-de-pantalla-2020-03-29-a-las-7.47.44-p.-m..png\" alt=\"\" class=\"wp-image-2499\" width=\"435\" height=\"608\"\/><\/a><\/figure><\/div>\n\n\n\n<p><strong>\u00a1SEGUIMOS TRABAJANDO EN CASA!<\/strong><\/p>\n\n\n\n<p>\u00a1Hola Reyes! <\/p>\n\n\n\n<p>Sabemos que sois muy responsables y vais a realizar esta propuesta de actividades con ganas e ilusi\u00f3n. \u00a1Est\u00e1is haciendo de maravilla vuestro trabajo en casa! \u00a1Estamos muy orgullosas de todos vosotros! <\/p>\n\n\n\n<p>\u00a1Os echamos muuuucho de menos! Pero ya queda menos para veros&#8230;<\/p>\n\n\n\n<p><\/p>\n\n\n\n<div class=\"wp-block-image\"><figure class=\"aligncenter size-large\"><a href=\"https:\/\/drive.google.com\/open?id=15bOfSyikIyQjPp4zOXouiFzFf_X3hT7y\"><img loading=\"lazy\" width=\"538\" height=\"699\" src=\"https:\/\/cpfusti.educacion.navarra.es\/web\/wp-content\/uploads\/2020\/03\/Captura-de-pantalla-2020-03-22-a-las-8.54.08-p.-m..png\" alt=\"\" class=\"wp-image-2340\" srcset=\"https:\/\/cpfusti.educacion.navarra.es\/web\/wp-content\/uploads\/2020\/03\/Captura-de-pantalla-2020-03-22-a-las-8.54.08-p.-m..png 538w, https:\/\/cpfusti.educacion.navarra.es\/web\/wp-content\/uploads\/2020\/03\/Captura-de-pantalla-2020-03-22-a-las-8.54.08-p.-m.-231x300.png 231w\" sizes=\"(max-width: 538px) 100vw, 538px\" \/><\/a><\/figure><\/div>\n\n\n\n<p><strong>\u00a1TRABAJAMOS EN CASA! <\/strong><\/p>\n\n\n\n<p>\u00a1Hola Reyes!!<\/p>\n\n\n\n<p> Vamos a entretenernos un rato todos los d\u00edas practicando y jugando con diferentes propuestas, tanto en ingl\u00e9s como en castellano. Esperamos que os gusten. \u00a1Un fuerte abrazo, os echamos de menos!&nbsp; \u00a1TODO VA  A SALIR BIEN!!<\/p>\n\n\n\n<p>P.D: Pinchar en la imagen y en cada t\u00edtulo acceder\u00e9is al recurso correspondiente.<\/p>\n\n\n\n<figure class=\"wp-block-image size-large\"><a href=\"https:\/\/drive.google.com\/open?id=1wD6n6txAJ00Qok_h4PW8VgJ_tYcDyRsT\"><img loading=\"lazy\" width=\"620\" height=\"873\" src=\"http:\/\/cpfusti.educacion.navarra.es\/web\/wp-content\/uploads\/2020\/03\/Captura-de-pantalla-2020-03-17-a-las-7.05.26-p.-m..png\" alt=\"\" class=\"wp-image-2225\" srcset=\"https:\/\/cpfusti.educacion.navarra.es\/web\/wp-content\/uploads\/2020\/03\/Captura-de-pantalla-2020-03-17-a-las-7.05.26-p.-m..png 620w, https:\/\/cpfusti.educacion.navarra.es\/web\/wp-content\/uploads\/2020\/03\/Captura-de-pantalla-2020-03-17-a-las-7.05.26-p.-m.-213x300.png 213w\" sizes=\"(max-width: 620px) 100vw, 620px\" \/><\/a><\/figure>\n\n\n\n<p><strong>PREPOSITIONS OF PLACE<\/strong><\/p>\n\n\n\n<p>We have learnt the prepositions of place (in, on, under, next to&#8230;). Here we have a funny video and game to remember them!!<\/p>\n\n\n\n<figure class=\"wp-block-embed-youtube wp-block-embed is-type-video is-provider-youtube wp-embed-aspect-16-9 wp-has-aspect-ratio\"><div class=\"wp-block-embed__wrapper\">\n<iframe loading=\"lazy\" title=\"Where is the Ball? | Songs for Children | English for Kids\" width=\"584\" height=\"329\" src=\"https:\/\/www.youtube.com\/embed\/ftLIV92ovgk?feature=oembed\" frameborder=\"0\" allow=\"accelerometer; autoplay; clipboard-write; encrypted-media; gyroscope; picture-in-picture\" allowfullscreen><\/iframe>\n<\/div><\/figure>\n\n\n\n<figure class=\"wp-block-embed-wordpress wp-block-embed is-type-wp-embed is-provider-esl-games\"><div class=\"wp-block-embed__wrapper\">\n<blockquote class=\"wp-embedded-content\" data-secret=\"kIpMeFiIQn\"><a href=\"https:\/\/www.eslgamesplus.com\/prepositions-of-place-esl-fun-game-online-grammar-practice\/\">Prepositions of Place ESL Fun Game Online, Grammar Practice<\/a><\/blockquote><iframe class=\"wp-embedded-content\" sandbox=\"allow-scripts\" security=\"restricted\" style=\"position: absolute; clip: rect(1px, 1px, 1px, 1px);\" title=\"&#8220;Prepositions of Place ESL Fun Game Online, Grammar Practice&#8221; &#8212; ESL Games\" src=\"https:\/\/www.eslgamesplus.com\/prepositions-of-place-esl-fun-game-online-grammar-practice\/embed\/#?secret=RJHjkzVVhH#?secret=kIpMeFiIQn\" data-secret=\"kIpMeFiIQn\" width=\"584\" height=\"329\" frameborder=\"0\" marginwidth=\"0\" marginheight=\"0\" scrolling=\"no\"><\/iframe>\n<\/div><\/figure>\n\n\n\n<p><strong>TRABALENGUAS<\/strong><\/p>\n\n\n\n<p><\/p>\n\n\n\n<figure class=\"wp-block-embed-youtube wp-block-embed is-type-video is-provider-youtube wp-embed-aspect-16-9 wp-has-aspect-ratio\"><div class=\"wp-block-embed__wrapper\">\n<iframe loading=\"lazy\" title=\"Trabalenguas cortos para ni\u00f1os \u2013 Juegos did\u00e1cticos infantiles\" width=\"584\" height=\"329\" src=\"https:\/\/www.youtube.com\/embed\/FZgEH3pDKn8?feature=oembed\" frameborder=\"0\" allow=\"accelerometer; autoplay; clipboard-write; encrypted-media; gyroscope; picture-in-picture\" allowfullscreen><\/iframe>\n<\/div><\/figure>\n\n\n\n<p><strong>NUMERACI\u00d3N<\/strong><\/p>\n\n\n\n<figure class=\"wp-block-image size-large\"><a href=\"https:\/\/es.educaplay.com\/recursos-educativos\/2850833-tabla_del_100.html\"><img loading=\"lazy\" width=\"899\" height=\"462\" src=\"http:\/\/cpfusti.educacion.navarra.es\/web\/wp-content\/uploads\/2020\/02\/2PNG.png\" alt=\"\" class=\"wp-image-2118\" srcset=\"https:\/\/cpfusti.educacion.navarra.es\/web\/wp-content\/uploads\/2020\/02\/2PNG.png 899w, https:\/\/cpfusti.educacion.navarra.es\/web\/wp-content\/uploads\/2020\/02\/2PNG-300x154.png 300w, https:\/\/cpfusti.educacion.navarra.es\/web\/wp-content\/uploads\/2020\/02\/2PNG-768x395.png 768w, https:\/\/cpfusti.educacion.navarra.es\/web\/wp-content\/uploads\/2020\/02\/2PNG-500x257.png 500w\" sizes=\"(max-width: 899px) 100vw, 899px\" \/><\/a><\/figure>\n\n\n\n<p><strong>C\u00c1LCULO MENTAL<\/strong><\/p>\n\n\n\n<p>Disfruta sumando y restando sin parar. <\/p>\n\n\n\n<div class=\"wp-block-image\"><figure class=\"aligncenter size-large is-resized\"><a href=\"https:\/\/www.vedoque.com\/juegos\/juego.php?j=escondite\"><img loading=\"lazy\" src=\"http:\/\/cpfusti.educacion.navarra.es\/web\/wp-content\/uploads\/2020\/02\/Captura.png\" alt=\"\" class=\"wp-image-2117\" width=\"232\" height=\"178\"\/><\/a><\/figure><\/div>\n\n\n\n<div class=\"wp-block-image\"><figure class=\"aligncenter size-large is-resized\"><a href=\"https:\/\/www.vedoque.com\/juegos\/granja-matematicas.html\"><img loading=\"lazy\" src=\"http:\/\/cpfusti.educacion.navarra.es\/web\/wp-content\/uploads\/2020\/02\/inteligencias-matematicas.png\" alt=\"\" class=\"wp-image-2116\" width=\"268\" height=\"275\"\/><\/a><\/figure><\/div>\n\n\n\n<p><strong>APRENDEMOS LAS HORAS<\/strong><\/p>\n\n\n\n<p>Aqu\u00ed ten\u00e9is un juego para practicar las horas.<\/p>\n\n\n\n<div class=\"wp-block-image\"><figure class=\"aligncenter size-large\"><a href=\"http:\/\/concurso.cnice.mec.es\/cnice2005\/115_el_reloj\/\"><img loading=\"lazy\" width=\"320\" height=\"159\" src=\"http:\/\/cpfusti.educacion.navarra.es\/web\/wp-content\/uploads\/2020\/02\/reloj.jpg\" alt=\"\" class=\"wp-image-2115\" srcset=\"https:\/\/cpfusti.educacion.navarra.es\/web\/wp-content\/uploads\/2020\/02\/reloj.jpg 320w, https:\/\/cpfusti.educacion.navarra.es\/web\/wp-content\/uploads\/2020\/02\/reloj-300x149.jpg 300w\" sizes=\"(max-width: 320px) 100vw, 320px\" \/><\/a><\/figure><\/div>\n\n\n\n<p><\/p>\n","protected":false},"excerpt":{"rendered":"<p>En esta p\u00e1gina se recopilan recursos que son \u00fatiles para el trabajo de las unidades del aula de 1\u00ba \u00bfQU\u00c9 HACEMOS DURANTE EL VERANO? Adem\u00e1s de ba\u00f1arnos en la piscina o en la playa, comer helados y sand\u00eda, dormir m\u00e1s, &hellip; <a href=\"https:\/\/cpfusti.educacion.navarra.es\/web\/recursos-educativos-1o\/\">Sigue leyendo <span class=\"meta-nav\">&rarr;<\/span><\/a><\/p>\n","protected":false},"author":5,"featured_media":0,"parent":0,"menu_order":0,"comment_status":"closed","ping_status":"closed","template":"","meta":[],"_links":{"self":[{"href":"https:\/\/cpfusti.educacion.navarra.es\/web\/wp-json\/wp\/v2\/pages\/1338"}],"collection":[{"href":"https:\/\/cpfusti.educacion.navarra.es\/web\/wp-json\/wp\/v2\/pages"}],"about":[{"href":"https:\/\/cpfusti.educacion.navarra.es\/web\/wp-json\/wp\/v2\/types\/page"}],"author":[{"embeddable":true,"href":"https:\/\/cpfusti.educacion.navarra.es\/web\/wp-json\/wp\/v2\/users\/5"}],"replies":[{"embeddable":true,"href":"https:\/\/cpfusti.educacion.navarra.es\/web\/wp-json\/wp\/v2\/comments?post=1338"}],"version-history":[{"count":35,"href":"https:\/\/cpfusti.educacion.navarra.es\/web\/wp-json\/wp\/v2\/pages\/1338\/revisions"}],"predecessor-version":[{"id":3807,"href":"https:\/\/cpfusti.educacion.navarra.es\/web\/wp-json\/wp\/v2\/pages\/1338\/revisions\/3807"}],"wp:attachment":[{"href":"https:\/\/cpfusti.educacion.navarra.es\/web\/wp-json\/wp\/v2\/media?parent=1338"}],"curies":[{"name":"wp","href":"https:\/\/api.w.org\/{rel}","templated":true}]}}