{"id":2188,"date":"2020-03-16T17:55:07","date_gmt":"2020-03-16T16:55:07","guid":{"rendered":"http:\/\/cpfusti.educacion.navarra.es\/web\/?page_id=2188"},"modified":"2020-03-23T13:09:59","modified_gmt":"2020-03-23T12:09:59","slug":"recursos-educativos-6o","status":"publish","type":"page","link":"https:\/\/cpfusti.educacion.navarra.es\/web\/recursos-educativos-6o\/","title":{"rendered":"Recursos educativos 6\u00ba"},"content":{"rendered":"\n<p><a rel=\"noreferrer noopener\" aria-label=\"En este enlace os dejamos una propuesta de horario diario para el alumnado. Haciendo clic, pod\u00e9is verlo. (se abre en una nueva pesta\u00f1a)\" href=\"https:\/\/docs.google.com\/document\/d\/1-kayqccKD8BBvNBLNJiy88fHGI9J0UNxdhkgYN8i6_o\/edit?usp=sharing\" target=\"_blank\">En este enlace os dejamos una propuesta de horario diario para el alumnado. Haciendo clic, pod\u00e9is verlo.<\/a><\/p>\n\n\n\n<p>Haciendo clic en esta carpeta acceder\u00e9is a las fichas.<\/p>\n\n\n\n<figure class=\"wp-block-image size-medium\"><a href=\"https:\/\/drive.google.com\/drive\/folders\/1-KCPXcV2Qtb6MH2l1p3BTul4bfXtBdzT?usp=sharing\" target=\"_blank\" rel=\"noreferrer noopener\"><img loading=\"lazy\" width=\"300\" height=\"200\" src=\"http:\/\/cpfusti.educacion.navarra.es\/web\/wp-content\/uploads\/2020\/03\/data-3689678_960_720-300x200.jpg\" alt=\"\" class=\"wp-image-2256\" srcset=\"https:\/\/cpfusti.educacion.navarra.es\/web\/wp-content\/uploads\/2020\/03\/data-3689678_960_720-300x200.jpg 300w, https:\/\/cpfusti.educacion.navarra.es\/web\/wp-content\/uploads\/2020\/03\/data-3689678_960_720-768x512.jpg 768w, https:\/\/cpfusti.educacion.navarra.es\/web\/wp-content\/uploads\/2020\/03\/data-3689678_960_720-450x300.jpg 450w, https:\/\/cpfusti.educacion.navarra.es\/web\/wp-content\/uploads\/2020\/03\/data-3689678_960_720.jpg 960w\" sizes=\"(max-width: 300px) 100vw, 300px\" \/><\/a><\/figure>\n\n\n\n<p><a href=\"https:\/\/prod.santillana.com\/launcher_books\/books.html?book=202016263_U32_U1_U101_U2\">CUADERNILLO DE MATEM\u00c1TICAS SANTILLANA<\/a><\/p>\n\n\n\n<p><a href=\"https:\/\/prod.santillana.com\/launcher_books\/books.html?book=202026263_U32_U1_U101_U2\">CUADERNILLO DE LENGUAJE SANTILLANA<\/a><\/p>\n","protected":false},"excerpt":{"rendered":"<p>En este enlace os dejamos una propuesta de horario diario para el alumnado. Haciendo clic, pod\u00e9is verlo. Haciendo clic en esta carpeta acceder\u00e9is a las fichas. CUADERNILLO DE MATEM\u00c1TICAS SANTILLANA CUADERNILLO DE LENGUAJE SANTILLANA<\/p>\n","protected":false},"author":5,"featured_media":0,"parent":0,"menu_order":0,"comment_status":"closed","ping_status":"closed","template":"","meta":[],"_links":{"self":[{"href":"https:\/\/cpfusti.educacion.navarra.es\/web\/wp-json\/wp\/v2\/pages\/2188"}],"collection":[{"href":"https:\/\/cpfusti.educacion.navarra.es\/web\/wp-json\/wp\/v2\/pages"}],"about":[{"href":"https:\/\/cpfusti.educacion.navarra.es\/web\/wp-json\/wp\/v2\/types\/page"}],"author":[{"embeddable":true,"href":"https:\/\/cpfusti.educacion.navarra.es\/web\/wp-json\/wp\/v2\/users\/5"}],"replies":[{"embeddable":true,"href":"https:\/\/cpfusti.educacion.navarra.es\/web\/wp-json\/wp\/v2\/comments?post=2188"}],"version-history":[{"count":4,"href":"https:\/\/cpfusti.educacion.navarra.es\/web\/wp-json\/wp\/v2\/pages\/2188\/revisions"}],"predecessor-version":[{"id":2372,"href":"https:\/\/cpfusti.educacion.navarra.es\/web\/wp-json\/wp\/v2\/pages\/2188\/revisions\/2372"}],"wp:attachment":[{"href":"https:\/\/cpfusti.educacion.navarra.es\/web\/wp-json\/wp\/v2\/media?parent=2188"}],"curies":[{"name":"wp","href":"https:\/\/api.w.org\/{rel}","templated":true}]}}