{"id":2208,"date":"2020-03-17T13:29:17","date_gmt":"2020-03-17T12:29:17","guid":{"rendered":"http:\/\/cpfusti.educacion.navarra.es\/web\/?page_id=2208"},"modified":"2020-06-05T11:15:30","modified_gmt":"2020-06-05T09:15:30","slug":"recursos-educativos-e-i","status":"publish","type":"page","link":"https:\/\/cpfusti.educacion.navarra.es\/web\/recursos-educativos-e-i\/","title":{"rendered":"Recursos educativos E.I."},"content":{"rendered":"\n<div class=\"wp-block-image\"><figure class=\"aligncenter size-large is-resized\"><img loading=\"lazy\" src=\"https:\/\/cpfusti.educacion.navarra.es\/web\/wp-content\/uploads\/2020\/04\/Presentaci\u00f3n-sin-t\u00edtulo-7.jpg\" alt=\"\" class=\"wp-image-2979\" width=\"641\" height=\"243\" srcset=\"https:\/\/cpfusti.educacion.navarra.es\/web\/wp-content\/uploads\/2020\/04\/Presentaci\u00f3n-sin-t\u00edtulo-7.jpg 960w, https:\/\/cpfusti.educacion.navarra.es\/web\/wp-content\/uploads\/2020\/04\/Presentaci\u00f3n-sin-t\u00edtulo-7-300x113.jpg 300w, https:\/\/cpfusti.educacion.navarra.es\/web\/wp-content\/uploads\/2020\/04\/Presentaci\u00f3n-sin-t\u00edtulo-7-768x290.jpg 768w, https:\/\/cpfusti.educacion.navarra.es\/web\/wp-content\/uploads\/2020\/04\/Presentaci\u00f3n-sin-t\u00edtulo-7-500x189.jpg 500w\" sizes=\"(max-width: 641px) 100vw, 641px\" \/><\/figure><\/div>\n\n\n\n<p class=\"has-text-align-center\"> \ud83d\udc49   <a rel=\"noreferrer noopener\" aria-label=\"ENLACE AL DOCUMENTO DE ORGANIZACI\u00d3N SEMANA CUARENTENA PARA ALUMNADO DE EDUCACI\u00d3N INFANTIL (se abre en una nueva pesta\u00f1a)\" href=\"https:\/\/docs.google.com\/document\/d\/1DdPZlWbTvllqMzQm-9JO7P4rBX3Wk1ExS5VqJ_OOwhc\/edit\" target=\"_blank\">ENLACE AL DOCUMENTO DE ORGANIZACI\u00d3N DE LA <strong>1\u00aa SEMANA<\/strong> PARA ALUMNADO DE EDUCACI\u00d3N INFANTIL<\/a><\/p>\n\n\n\n<p class=\"has-text-align-center\">\ud83d\udc49   <a rel=\"noreferrer noopener\" aria-label=\"ENLACE AL DOCUMENTO DE LA 2\u00aa SEMANA DE TRABAJO EN CASA PARA ALUMNADO DE EDUCACI\u00d3N INFANTIL (se abre en una nueva pesta\u00f1a)\" href=\"https:\/\/docs.google.com\/document\/d\/1OfSCHVYeTP9Evi419xHB5qQ10kNmS3ZutpDVrCa81MM\/edit\" target=\"_blank\">ENLACE AL DOCUMENTO DE LA <strong>2\u00aa SEMANA<\/strong> DE TRABAJO EN CASA PARA ALUMNADO DE EDUCACI\u00d3N INFANTIL<\/a><\/p>\n\n\n\n<p class=\"has-text-align-center\">\ud83d\udc49   <a rel=\"noreferrer noopener\" aria-label=\"ENLACE AL DOCUMENTO DE LA 3\u00aa SEMANA DE TRABAJO EN CASA PARA ALUMNADO DE EDUCACI\u00d3N INFANTIL (se abre en una nueva pesta\u00f1a)\" href=\"https:\/\/docs.google.com\/document\/d\/1rgV6LnfM3UDmDFhqbRkNeHnpAlVest_wPxOuEzhfjj8\/edit\" target=\"_blank\">ENLACE AL DOCUMENTO DE LA <strong>3\u00aa SEMANA<\/strong> DE TRABAJO EN CASA PARA ALUMNADO DE EDUCACI\u00d3N INFANTIL<\/a><\/p>\n\n\n\n<p class=\"has-text-align-center\">\ud83d\udc49   <a rel=\"noreferrer noopener\" href=\"https:\/\/docs.google.com\/document\/d\/1kCn5dYL4WdzDkvdGBGIG1eWgo6iMoeaN0M3qf_byGxY\/edit\" target=\"_blank\">ENLACE AL DOCUMENTO DE LA <strong>4\u00aa SEMANA<\/strong> DE TRABAJO EN CASA PARA ALUMNADO DE EDUCACI\u00d3N INFANTIL<\/a><\/p>\n\n\n\n<p class=\"has-text-align-center\">\ud83d\udc49   <a rel=\"noreferrer noopener\" href=\"https:\/\/docs.google.com\/document\/d\/10dGy4uD_nDI4nODL1N8YsxqXA3ZzVBGdVfcCfc8D6kI\/edit\" target=\"_blank\">ENLACE AL DOCUMENTO DE TRABAJO EN CASA PARA ALUMNADO DE EDUCACI\u00d3N INFANTIL <strong>DEL 20 AL 30 DE ABRIL<\/strong><\/a><br><br>\ud83d\udc49 <a rel=\"noreferrer noopener\" href=\"https:\/\/docs.google.com\/document\/d\/1xWd9asMKCDtIVUIXH-TgbKc0aiVSw3Nw9gfaW3xdDe8\/edit?usp=sharing\" target=\"_blank\">ENLACE AL DOCUMENTO DE TRABAJO EN CASA PARA ALUMNADO DE EDUCACI\u00d3N INFANTIL <strong>DEL 4 AL 8 DE MAYO<\/strong><\/a><br><br>\ud83d\udc49 <a rel=\"noreferrer noopener\" href=\"https:\/\/docs.google.com\/document\/d\/1M_z8pLMOdtNb6v-XNUNC7smIIZpD-jLBccOJ7bh-i30\/edit?usp=sharing\" target=\"_blank\">ENLACE AL DOCUMENTO DE TRABAJO EN CASA PARA ALUMNADO DE EDUCACI\u00d3N INFANTIL <strong>DEL 11 AL 15 DE MAYO<\/strong><\/a><br><br>\ud83d\udc49 <a rel=\"noreferrer noopener\" href=\"https:\/\/docs.google.com\/document\/d\/1N9cUEy8RIOeQrvygt5ae_vEVGvlxC0uh2ok5DokSp7Q\/edit?usp=sharing\" target=\"_blank\">ENLACE AL DOCUMENTO DE TRABAJO EN CASA PARA ALUMNADO DE EDUCACI\u00d3N INFANTIL <strong>DEL 25 DE MAYO AL 5 DE JUNIO <\/strong><\/a><\/p>\n\n\n\n<p class=\"has-text-align-center\">\ud83d\udc49 <a href=\"https:\/\/docs.google.com\/document\/d\/1NHzgCVhzyPNuoAvIT5GggMeMJFRJVo-17XW6gmDPT1M\/edit?usp=sharing\" target=\"_blank\" rel=\"noreferrer noopener\">ENLACE AL DOCUMENTO DE TRABAJO EN CASA PARA ALUMNADO DE EDUCACI\u00d3N INFANTIL <strong>DEL 8 AL 19 DE JUNIO<\/strong><\/a><\/p>\n\n\n\n<p><\/p>\n\n\n\n<p><\/p>\n\n\n\n<p><\/p>\n\n\n\n<p><\/p>\n\n\n\n<p><\/p>\n\n\n\n<div class=\"wp-block-image\"><figure class=\"aligncenter size-large is-resized\"><img loading=\"lazy\" src=\"https:\/\/cpfusti.educacion.navarra.es\/web\/wp-content\/uploads\/2020\/04\/muro-social-encabezado-1.jpg\" alt=\"\" class=\"wp-image-2988\" width=\"370\" height=\"148\" srcset=\"https:\/\/cpfusti.educacion.navarra.es\/web\/wp-content\/uploads\/2020\/04\/muro-social-encabezado-1.jpg 959w, https:\/\/cpfusti.educacion.navarra.es\/web\/wp-content\/uploads\/2020\/04\/muro-social-encabezado-1-300x120.jpg 300w, https:\/\/cpfusti.educacion.navarra.es\/web\/wp-content\/uploads\/2020\/04\/muro-social-encabezado-1-768x308.jpg 768w, https:\/\/cpfusti.educacion.navarra.es\/web\/wp-content\/uploads\/2020\/04\/muro-social-encabezado-1-500x200.jpg 500w\" sizes=\"(max-width: 370px) 100vw, 370px\" \/><\/figure><\/div>\n\n\n\n<div class=\"padlet-embed\" style=\"border:1px solid rgba(0,0,0,0.1);border-radius:2px;box-sizing:border-box;overflow:hidden;position:relative;width:100%;background:#F4F4F4\"><p style=\"padding:0;margin:0\"><iframe src=\"https:\/\/padlet.com\/embed\/qdpruk70x2okrskx\" frameborder=\"0\" allow=\"camera;microphone;geolocation\" style=\"width:100%;height:608px;display:block;padding:0;margin:0\"><\/iframe><\/p><div style=\"padding:8px;text-align:right;margin:0;\"><a href=\"https:\/\/padlet.com?ref=embed\" style=\"padding:0;margin:0;border:none;display:block;line-height:1;height:16px\" target=\"_blank\" rel=\"noopener noreferrer\"><img loading=\"lazy\" src=\"https:\/\/resources.padletcdn.com\/assets\/made_with_padlet.png\" width=\"86\" height=\"16\" style=\"padding:0;margin:0;background:none;border:none;display:inline;box-shadow:none\" alt=\"Hecho con Padlet\"><\/a><\/div><\/div>\n\n\n\n<p><\/p>\n","protected":false},"excerpt":{"rendered":"<p>\ud83d\udc49 ENLACE AL DOCUMENTO DE ORGANIZACI\u00d3N DE LA 1\u00aa SEMANA PARA ALUMNADO DE EDUCACI\u00d3N INFANTIL \ud83d\udc49 ENLACE AL DOCUMENTO DE LA 2\u00aa SEMANA DE TRABAJO EN CASA PARA ALUMNADO DE EDUCACI\u00d3N INFANTIL \ud83d\udc49 ENLACE AL DOCUMENTO DE LA 3\u00aa SEMANA &hellip; <a href=\"https:\/\/cpfusti.educacion.navarra.es\/web\/recursos-educativos-e-i\/\">Sigue leyendo <span class=\"meta-nav\">&rarr;<\/span><\/a><\/p>\n","protected":false},"author":5,"featured_media":0,"parent":0,"menu_order":0,"comment_status":"closed","ping_status":"closed","template":"","meta":[],"_links":{"self":[{"href":"https:\/\/cpfusti.educacion.navarra.es\/web\/wp-json\/wp\/v2\/pages\/2208"}],"collection":[{"href":"https:\/\/cpfusti.educacion.navarra.es\/web\/wp-json\/wp\/v2\/pages"}],"about":[{"href":"https:\/\/cpfusti.educacion.navarra.es\/web\/wp-json\/wp\/v2\/types\/page"}],"author":[{"embeddable":true,"href":"https:\/\/cpfusti.educacion.navarra.es\/web\/wp-json\/wp\/v2\/users\/5"}],"replies":[{"embeddable":true,"href":"https:\/\/cpfusti.educacion.navarra.es\/web\/wp-json\/wp\/v2\/comments?post=2208"}],"version-history":[{"count":12,"href":"https:\/\/cpfusti.educacion.navarra.es\/web\/wp-json\/wp\/v2\/pages\/2208\/revisions"}],"predecessor-version":[{"id":3564,"href":"https:\/\/cpfusti.educacion.navarra.es\/web\/wp-json\/wp\/v2\/pages\/2208\/revisions\/3564"}],"wp:attachment":[{"href":"https:\/\/cpfusti.educacion.navarra.es\/web\/wp-json\/wp\/v2\/media?parent=2208"}],"curies":[{"name":"wp","href":"https:\/\/api.w.org\/{rel}","templated":true}]}}