{"id":4143,"date":"2021-05-19T18:34:27","date_gmt":"2021-05-19T16:34:27","guid":{"rendered":"https:\/\/cpfusti.educacion.navarra.es\/web\/?page_id=4143"},"modified":"2023-04-25T11:23:18","modified_gmt":"2023-04-25T09:23:18","slug":"colegio","status":"publish","type":"page","link":"https:\/\/cpfusti.educacion.navarra.es\/web\/colegio\/","title":{"rendered":"C.P.E.I.P. Santos Justo y Pastor."},"content":{"rendered":"\n<p>El Colegio Santos Justo y Pastor esta ubicado en la localidad de Fusti\u00f1ana que se encuentra situada al sur de la <a href=\"https:\/\/es.wikipedia.org\/wiki\/Comunidad_Foral_de_Navarra\">Comunidad Foral de Navarra<\/a> en la regi\u00f3n geogr\u00e1fica de la <a href=\"https:\/\/es.wikipedia.org\/wiki\/Ribera_de_Navarra\">Ribera de Navarra<\/a>.<\/p>\n\n\n\n<p>El Centro cuenta con un total de 210 alumnas\/os. Se imparte Educaci\u00f3n Infantil y Primaria y es de naturaleza p\u00fablico<strong>.<\/strong><\/p>\n\n\n\n<iframe src=\"https:\/\/www.google.com\/maps\/embed?pb=!1m18!1m12!1m3!1d2964.064034884589!2d-1.4866501099535763!3d42.020358682315155!2m3!1f0!2f0!3f0!3m2!1i1024!2i768!4f13.1!3m3!1m2!1s0xd5a36f80b69c7ff%3A0x438faf2714bc264c!2sCPEIP%20Fusti%C3%B1ana%20Stos.%20Justo%20y%20Pastor!5e0!3m2!1ses!2ses!4v1682414037645!5m2!1ses!2ses\" width=\"600\" height=\"450\" style=\"border:0;\" allowfullscreen=\"\" loading=\"lazy\" referrerpolicy=\"no-referrer-when-downgrade\"><\/iframe>\n","protected":false},"excerpt":{"rendered":"<p>El Colegio Santos Justo y Pastor esta ubicado en la localidad de Fusti\u00f1ana que se encuentra situada al sur de la Comunidad Foral de Navarra en la regi\u00f3n geogr\u00e1fica de la Ribera de Navarra. El Centro cuenta con un total &hellip; <a href=\"https:\/\/cpfusti.educacion.navarra.es\/web\/colegio\/\">Sigue leyendo <span class=\"meta-nav\">&rarr;<\/span><\/a><\/p>\n","protected":false},"author":30,"featured_media":0,"parent":0,"menu_order":0,"comment_status":"closed","ping_status":"closed","template":"","meta":[],"_links":{"self":[{"href":"https:\/\/cpfusti.educacion.navarra.es\/web\/wp-json\/wp\/v2\/pages\/4143"}],"collection":[{"href":"https:\/\/cpfusti.educacion.navarra.es\/web\/wp-json\/wp\/v2\/pages"}],"about":[{"href":"https:\/\/cpfusti.educacion.navarra.es\/web\/wp-json\/wp\/v2\/types\/page"}],"author":[{"embeddable":true,"href":"https:\/\/cpfusti.educacion.navarra.es\/web\/wp-json\/wp\/v2\/users\/30"}],"replies":[{"embeddable":true,"href":"https:\/\/cpfusti.educacion.navarra.es\/web\/wp-json\/wp\/v2\/comments?post=4143"}],"version-history":[{"count":4,"href":"https:\/\/cpfusti.educacion.navarra.es\/web\/wp-json\/wp\/v2\/pages\/4143\/revisions"}],"predecessor-version":[{"id":4721,"href":"https:\/\/cpfusti.educacion.navarra.es\/web\/wp-json\/wp\/v2\/pages\/4143\/revisions\/4721"}],"wp:attachment":[{"href":"https:\/\/cpfusti.educacion.navarra.es\/web\/wp-json\/wp\/v2\/media?parent=4143"}],"curies":[{"name":"wp","href":"https:\/\/api.w.org\/{rel}","templated":true}]}}