{"id":4180,"date":"2021-05-20T11:03:27","date_gmt":"2021-05-20T09:03:27","guid":{"rendered":"https:\/\/cpfusti.educacion.navarra.es\/web\/?page_id=4180"},"modified":"2023-03-28T13:46:41","modified_gmt":"2023-03-28T11:46:41","slug":"otros-documentos","status":"publish","type":"page","link":"https:\/\/cpfusti.educacion.navarra.es\/web\/otros-documentos\/","title":{"rendered":"Documentos:"},"content":{"rendered":"\n<p>Fotograf\u00eda tama\u00f1o carnet<\/p>\n\n\n\n<p>Impreso de solicitud.<\/p>\n\n\n\n<p>Certificado de empadronamiento (original, no se admitir\u00e1n copias).<\/p>\n\n\n\n<p>Fotocopia de DNI de los padres o tutores legales y ni\u00f1o\/a si se dispone.<\/p>\n\n\n\n<p>Fotocopia del libro de familia, pasaporte o partida de nacimiento.<\/p>\n\n\n\n<p>Fotocopia del libro de vacunas del alumno\/a.<\/p>\n\n\n\n<p>Fotocopia de la tarjeta sanitaria del ni\u00f1o o ni\u00f1a.<\/p>\n\n\n\n<p>Impreso con informaci\u00f3n m\u00e9dica relevante.<\/p>\n\n\n\n<p>Impreso de autorizaci\u00f3n para cargos en cuenta.<\/p>\n\n\n\n<p>Fotocopia de la cartilla del banco donde conste el IBAN y la titularidad de la cuenta.<\/p>\n\n\n\n<p>En caso de que los padres est\u00e9n separados y exista alg\u00fan problema de tipo legal, Fotocopia del documento que recoja dicha situaci\u00f3n.<\/p>\n\n\n\n<p>Expediente acad\u00e9mico o direcci\u00f3n, si es posible, del \u00faltimo centro donde estuvo matriculado\/a.<\/p>\n\n\n\n<p class=\"has-blue-color has-text-color\">OTROS DOCUMENTOS QUE SER\u00c1N ENTREGADOS EN EL CENTRO ESCOLAR:<\/p>\n\n\n\n<ul><li>Orden de domiciliaci\u00f3n<\/li><\/ul>\n\n\n\n<ul><li>Libros de texto y material<\/li><li>Comunicaci\u00f3n alergias e intolerancias<\/li><li>Consentimiento de protecci\u00f3n de Datos Im\u00e1genes videos<\/li><li>Circular pago de material<\/li><li>Circular pago de material Pendiente*<\/li><li>Circular pago de libros de texto<\/li><li>Autorizaci\u00f3n para salir solo del colegio<\/li><li>Autorizaci\u00f3n recogida de alumnos<\/li><li>Autorizaci\u00f3n para acompa\u00f1ar alumnado por un menor<\/li><li>Salidas fuera del Centro Escolar<\/li><li>Alta extraordinaria de extraescolares<\/li><li>Autorizaci\u00f3n cuentas PNTE APPS<\/li><\/ul>\n","protected":false},"excerpt":{"rendered":"<p>Fotograf\u00eda tama\u00f1o carnet Impreso de solicitud. Certificado de empadronamiento (original, no se admitir\u00e1n copias). Fotocopia de DNI de los padres o tutores legales y ni\u00f1o\/a si se dispone. Fotocopia del libro de familia, pasaporte o partida de nacimiento. Fotocopia del &hellip; <a href=\"https:\/\/cpfusti.educacion.navarra.es\/web\/otros-documentos\/\">Sigue leyendo <span class=\"meta-nav\">&rarr;<\/span><\/a><\/p>\n","protected":false},"author":30,"featured_media":0,"parent":0,"menu_order":0,"comment_status":"closed","ping_status":"closed","template":"","meta":[],"_links":{"self":[{"href":"https:\/\/cpfusti.educacion.navarra.es\/web\/wp-json\/wp\/v2\/pages\/4180"}],"collection":[{"href":"https:\/\/cpfusti.educacion.navarra.es\/web\/wp-json\/wp\/v2\/pages"}],"about":[{"href":"https:\/\/cpfusti.educacion.navarra.es\/web\/wp-json\/wp\/v2\/types\/page"}],"author":[{"embeddable":true,"href":"https:\/\/cpfusti.educacion.navarra.es\/web\/wp-json\/wp\/v2\/users\/30"}],"replies":[{"embeddable":true,"href":"https:\/\/cpfusti.educacion.navarra.es\/web\/wp-json\/wp\/v2\/comments?post=4180"}],"version-history":[{"count":4,"href":"https:\/\/cpfusti.educacion.navarra.es\/web\/wp-json\/wp\/v2\/pages\/4180\/revisions"}],"predecessor-version":[{"id":4683,"href":"https:\/\/cpfusti.educacion.navarra.es\/web\/wp-json\/wp\/v2\/pages\/4180\/revisions\/4683"}],"wp:attachment":[{"href":"https:\/\/cpfusti.educacion.navarra.es\/web\/wp-json\/wp\/v2\/media?parent=4180"}],"curies":[{"name":"wp","href":"https:\/\/api.w.org\/{rel}","templated":true}]}}